{"id":5319,"date":"2022-02-09T10:10:48","date_gmt":"2022-02-09T09:10:48","guid":{"rendered":"https:\/\/ramonedge.nl\/?post_type=product&#038;p=5319"},"modified":"2022-02-09T11:30:21","modified_gmt":"2022-02-09T10:30:21","slug":"ccm-schaatstas","status":"publish","type":"product","link":"https:\/\/ramonedge.nl\/?product=ccm-schaatstas","title":{"rendered":"CCM Schaatstas"},"content":{"rendered":"<p>CCM Schaatstas<\/p>\n<p>De CCM Schaatstas is een handige tas om je schaatsen in op te bergen. De tas heeft \u00e9\u00e9n voor \u00e9\u00e9n paar schaatsen. De tas is gemaakt van stevig slijtvast polyester.<\/p>\n<p>Bescherm jouw schaatsen en ijzers. Door ze te bewaren in de tas zullen ze langer meegaan. En zullen je ijzers minder snel beschadigen.<\/p>\n<p>Kleuren: Zwart met rode details.<\/p>\n<p>Maten: 15.5&#8221; x 12&#8221; x 8.5&#8221; (L x H x B).<\/p>\n","protected":false},"excerpt":{"rendered":"<p>CCM Schaatstas De CCM Schaatstas is een handige tas om je schaatsen in op te bergen. De tas heeft \u00e9\u00e9n voor \u00e9\u00e9n paar schaatsen. De tas is gemaakt van stevig slijtvast polyester. Bescherm jouw schaatsen en ijzers. Door ze te bewaren in de tas zullen ze langer meegaan. En zullen je ijzers minder snel beschadigen. [&hellip;]<\/p>\n","protected":false},"featured_media":5302,"template":"","meta":{"_uag_custom_page_level_css":"","site-sidebar-layout":"default","site-content-layout":"default","ast-site-content-layout":"default","site-content-style":"default","site-sidebar-style":"default","ast-global-header-display":"","ast-banner-title-visibility":"","ast-main-header-display":"","ast-hfb-above-header-display":"","ast-hfb-below-header-display":"","ast-hfb-mobile-header-display":"","site-post-title":"","ast-breadcrumbs-content":"","ast-featured-img":"","footer-sml-layout":"","ast-disable-related-posts":"","theme-transparent-header-meta":"","adv-header-id-meta":"","stick-header-meta":"","header-above-stick-meta":"","header-main-stick-meta":"","header-below-stick-meta":"","astra-migrate-meta-layouts":"default","ast-page-background-enabled":"default","ast-page-background-meta":{"desktop":{"background-color":"","background-image":"","background-repeat":"repeat","background-position":"center center","background-size":"auto","background-attachment":"scroll","background-type":"","background-media":"","overlay-type":"","overlay-color":"","overlay-opacity":"","overlay-gradient":""},"tablet":{"background-color":"","background-image":"","background-repeat":"repeat","background-position":"center center","background-size":"auto","background-attachment":"scroll","background-type":"","background-media":"","overlay-type":"","overlay-color":"","overlay-opacity":"","overlay-gradient":""},"mobile":{"background-color":"","background-image":"","background-repeat":"repeat","background-position":"center center","background-size":"auto","background-attachment":"scroll","background-type":"","background-media":"","overlay-type":"","overlay-color":"","overlay-opacity":"","overlay-gradient":""}},"ast-content-background-meta":{"desktop":{"background-color":"var(--ast-global-color-5)","background-image":"","background-repeat":"repeat","background-position":"center center","background-size":"auto","background-attachment":"scroll","background-type":"","background-media":"","overlay-type":"","overlay-color":"","overlay-opacity":"","overlay-gradient":""},"tablet":{"background-color":"var(--ast-global-color-5)","background-image":"","background-repeat":"repeat","background-position":"center center","background-size":"auto","background-attachment":"scroll","background-type":"","background-media":"","overlay-type":"","overlay-color":"","overlay-opacity":"","overlay-gradient":""},"mobile":{"background-color":"var(--ast-global-color-5)","background-image":"","background-repeat":"repeat","background-position":"center center","background-size":"auto","background-attachment":"scroll","background-type":"","background-media":"","overlay-type":"","overlay-color":"","overlay-opacity":"","overlay-gradient":""}},"_joinchat":[]},"product_brand":[],"product_cat":[106],"product_tag":[108,107],"class_list":{"0":"post-5319","1":"product","2":"type-product","3":"status-publish","4":"has-post-thumbnail","6":"product_cat-toebehoren-ijzers","7":"product_tag-tassen-en-hoezen","8":"product_tag-toebehoren-ijzers","9":"desktop-align-center","10":"tablet-align-center","11":"mobile-align-center","12":"ast-product-gallery-layout-horizontal","13":"ast-product-gallery-with-no-image","14":"ast-product-tabs-layout-horizontal","15":"ast-qv-on-image","17":"first","18":"instock","19":"taxable","20":"shipping-taxable","21":"purchasable","22":"product-type-simple"},"yoast_head":"<!-- This site is optimized with the Yoast SEO plugin v27.6 - https:\/\/yoast.com\/product\/yoast-seo-wordpress\/ -->\n<title>CCM Schaatstas - RamonEdge NL Perfection On Ice<\/title>\n<meta name=\"description\" content=\"CCM Schaatstas. De CCM Schaatstas is een handige tas om je schaatsen in op te bergen. De tas heeft \u00e9\u00e9n voor \u00e9\u00e9n paar schaatsen.\" \/>\n<meta name=\"robots\" content=\"index, follow, max-snippet:-1, max-image-preview:large, max-video-preview:-1\" \/>\n<link rel=\"canonical\" href=\"https:\/\/ramonedge.nl\/?product=ccm-schaatstas\" \/>\n<meta property=\"og:locale\" content=\"nl_NL\" \/>\n<meta property=\"og:type\" content=\"article\" \/>\n<meta property=\"og:title\" content=\"CCM Schaatstas - RamonEdge NL Perfection On Ice\" \/>\n<meta property=\"og:description\" content=\"CCM Schaatstas. De CCM Schaatstas is een handige tas om je schaatsen in op te bergen. De tas heeft \u00e9\u00e9n voor \u00e9\u00e9n paar schaatsen.\" \/>\n<meta property=\"og:url\" content=\"https:\/\/ramonedge.nl\/?product=ccm-schaatstas\" \/>\n<meta property=\"og:site_name\" content=\"RamonEdge NL Perfection On Ice\" \/>\n<meta property=\"article:modified_time\" content=\"2022-02-09T10:30:21+00:00\" \/>\n<meta property=\"og:image\" content=\"https:\/\/ramonedge.nl\/wp-content\/uploads\/2022\/02\/Schaatstas-CCM.jpg\" \/>\n\t<meta property=\"og:image:width\" content=\"1000\" \/>\n\t<meta property=\"og:image:height\" content=\"750\" \/>\n\t<meta property=\"og:image:type\" content=\"image\/jpeg\" \/>\n<meta name=\"twitter:card\" content=\"summary_large_image\" \/>\n<meta name=\"twitter:label1\" content=\"Geschatte leestijd\" \/>\n\t<meta name=\"twitter:data1\" content=\"1 minuut\" \/>\n<script type=\"application\/ld+json\" class=\"yoast-schema-graph\">{\"@context\":\"https:\\\/\\\/schema.org\",\"@graph\":[{\"@type\":\"WebPage\",\"@id\":\"https:\\\/\\\/ramonedge.nl\\\/?product=ccm-schaatstas\",\"url\":\"https:\\\/\\\/ramonedge.nl\\\/?product=ccm-schaatstas\",\"name\":\"CCM Schaatstas - RamonEdge NL Perfection On Ice\",\"isPartOf\":{\"@id\":\"https:\\\/\\\/ramonedge.nl\\\/#website\"},\"primaryImageOfPage\":{\"@id\":\"https:\\\/\\\/ramonedge.nl\\\/?product=ccm-schaatstas#primaryimage\"},\"image\":{\"@id\":\"https:\\\/\\\/ramonedge.nl\\\/?product=ccm-schaatstas#primaryimage\"},\"thumbnailUrl\":\"https:\\\/\\\/i0.wp.com\\\/ramonedge.nl\\\/wp-content\\\/uploads\\\/2022\\\/02\\\/Schaatstas-CCM.jpg?fit=1000%2C750&ssl=1\",\"datePublished\":\"2022-02-09T09:10:48+00:00\",\"dateModified\":\"2022-02-09T10:30:21+00:00\",\"description\":\"CCM Schaatstas. De CCM Schaatstas is een handige tas om je schaatsen in op te bergen. De tas heeft \u00e9\u00e9n voor \u00e9\u00e9n paar schaatsen.\",\"breadcrumb\":{\"@id\":\"https:\\\/\\\/ramonedge.nl\\\/?product=ccm-schaatstas#breadcrumb\"},\"inLanguage\":\"nl-NL\",\"potentialAction\":[{\"@type\":\"ReadAction\",\"target\":[\"https:\\\/\\\/ramonedge.nl\\\/?product=ccm-schaatstas\"]}]},{\"@type\":\"ImageObject\",\"inLanguage\":\"nl-NL\",\"@id\":\"https:\\\/\\\/ramonedge.nl\\\/?product=ccm-schaatstas#primaryimage\",\"url\":\"https:\\\/\\\/i0.wp.com\\\/ramonedge.nl\\\/wp-content\\\/uploads\\\/2022\\\/02\\\/Schaatstas-CCM.jpg?fit=1000%2C750&ssl=1\",\"contentUrl\":\"https:\\\/\\\/i0.wp.com\\\/ramonedge.nl\\\/wp-content\\\/uploads\\\/2022\\\/02\\\/Schaatstas-CCM.jpg?fit=1000%2C750&ssl=1\",\"width\":1000,\"height\":750,\"caption\":\"Schaatstas CCM\"},{\"@type\":\"BreadcrumbList\",\"@id\":\"https:\\\/\\\/ramonedge.nl\\\/?product=ccm-schaatstas#breadcrumb\",\"itemListElement\":[{\"@type\":\"ListItem\",\"position\":1,\"name\":\"Home\",\"item\":\"https:\\\/\\\/ramonedge.nl\\\/\"},{\"@type\":\"ListItem\",\"position\":2,\"name\":\"Shop\",\"item\":\"https:\\\/\\\/ramonedge.nl\\\/?page_id=401\"},{\"@type\":\"ListItem\",\"position\":3,\"name\":\"CCM Schaatstas\"}]},{\"@type\":\"WebSite\",\"@id\":\"https:\\\/\\\/ramonedge.nl\\\/#website\",\"url\":\"https:\\\/\\\/ramonedge.nl\\\/\",\"name\":\"RamonEdge NL Perfection On Ice\",\"description\":\"RamonEdge NL Servicecenter\",\"publisher\":{\"@id\":\"https:\\\/\\\/ramonedge.nl\\\/#organization\"},\"potentialAction\":[{\"@type\":\"SearchAction\",\"target\":{\"@type\":\"EntryPoint\",\"urlTemplate\":\"https:\\\/\\\/ramonedge.nl\\\/?s={search_term_string}\"},\"query-input\":{\"@type\":\"PropertyValueSpecification\",\"valueRequired\":true,\"valueName\":\"search_term_string\"}}],\"inLanguage\":\"nl-NL\"},{\"@type\":\"Organization\",\"@id\":\"https:\\\/\\\/ramonedge.nl\\\/#organization\",\"name\":\"RamonEdge NL Perfection On Ice\",\"url\":\"https:\\\/\\\/ramonedge.nl\\\/\",\"logo\":{\"@type\":\"ImageObject\",\"inLanguage\":\"nl-NL\",\"@id\":\"https:\\\/\\\/ramonedge.nl\\\/#\\\/schema\\\/logo\\\/image\\\/\",\"url\":\"https:\\\/\\\/i0.wp.com\\\/ramonedge.nl\\\/wp-content\\\/uploads\\\/2020\\\/02\\\/cropped-cropped-cropped-cropped-Logo-Ramonedge-1.jpg?fit=160%2C159&ssl=1\",\"contentUrl\":\"https:\\\/\\\/i0.wp.com\\\/ramonedge.nl\\\/wp-content\\\/uploads\\\/2020\\\/02\\\/cropped-cropped-cropped-cropped-Logo-Ramonedge-1.jpg?fit=160%2C159&ssl=1\",\"width\":160,\"height\":159,\"caption\":\"RamonEdge NL Perfection On Ice\"},\"image\":{\"@id\":\"https:\\\/\\\/ramonedge.nl\\\/#\\\/schema\\\/logo\\\/image\\\/\"}}]}<\/script>\n<!-- \/ Yoast SEO plugin. -->","yoast_head_json":{"title":"CCM Schaatstas - RamonEdge NL Perfection On Ice","description":"CCM Schaatstas. De CCM Schaatstas is een handige tas om je schaatsen in op te bergen. De tas heeft \u00e9\u00e9n voor \u00e9\u00e9n paar schaatsen.","robots":{"index":"index","follow":"follow","max-snippet":"max-snippet:-1","max-image-preview":"max-image-preview:large","max-video-preview":"max-video-preview:-1"},"canonical":"https:\/\/ramonedge.nl\/?product=ccm-schaatstas","og_locale":"nl_NL","og_type":"article","og_title":"CCM Schaatstas - RamonEdge NL Perfection On Ice","og_description":"CCM Schaatstas. De CCM Schaatstas is een handige tas om je schaatsen in op te bergen. De tas heeft \u00e9\u00e9n voor \u00e9\u00e9n paar schaatsen.","og_url":"https:\/\/ramonedge.nl\/?product=ccm-schaatstas","og_site_name":"RamonEdge NL Perfection On Ice","article_modified_time":"2022-02-09T10:30:21+00:00","og_image":[{"width":1000,"height":750,"url":"https:\/\/ramonedge.nl\/wp-content\/uploads\/2022\/02\/Schaatstas-CCM.jpg","type":"image\/jpeg"}],"twitter_card":"summary_large_image","twitter_misc":{"Geschatte leestijd":"1 minuut"},"schema":{"@context":"https:\/\/schema.org","@graph":[{"@type":"WebPage","@id":"https:\/\/ramonedge.nl\/?product=ccm-schaatstas","url":"https:\/\/ramonedge.nl\/?product=ccm-schaatstas","name":"CCM Schaatstas - RamonEdge NL Perfection On Ice","isPartOf":{"@id":"https:\/\/ramonedge.nl\/#website"},"primaryImageOfPage":{"@id":"https:\/\/ramonedge.nl\/?product=ccm-schaatstas#primaryimage"},"image":{"@id":"https:\/\/ramonedge.nl\/?product=ccm-schaatstas#primaryimage"},"thumbnailUrl":"https:\/\/i0.wp.com\/ramonedge.nl\/wp-content\/uploads\/2022\/02\/Schaatstas-CCM.jpg?fit=1000%2C750&ssl=1","datePublished":"2022-02-09T09:10:48+00:00","dateModified":"2022-02-09T10:30:21+00:00","description":"CCM Schaatstas. De CCM Schaatstas is een handige tas om je schaatsen in op te bergen. De tas heeft \u00e9\u00e9n voor \u00e9\u00e9n paar schaatsen.","breadcrumb":{"@id":"https:\/\/ramonedge.nl\/?product=ccm-schaatstas#breadcrumb"},"inLanguage":"nl-NL","potentialAction":[{"@type":"ReadAction","target":["https:\/\/ramonedge.nl\/?product=ccm-schaatstas"]}]},{"@type":"ImageObject","inLanguage":"nl-NL","@id":"https:\/\/ramonedge.nl\/?product=ccm-schaatstas#primaryimage","url":"https:\/\/i0.wp.com\/ramonedge.nl\/wp-content\/uploads\/2022\/02\/Schaatstas-CCM.jpg?fit=1000%2C750&ssl=1","contentUrl":"https:\/\/i0.wp.com\/ramonedge.nl\/wp-content\/uploads\/2022\/02\/Schaatstas-CCM.jpg?fit=1000%2C750&ssl=1","width":1000,"height":750,"caption":"Schaatstas CCM"},{"@type":"BreadcrumbList","@id":"https:\/\/ramonedge.nl\/?product=ccm-schaatstas#breadcrumb","itemListElement":[{"@type":"ListItem","position":1,"name":"Home","item":"https:\/\/ramonedge.nl\/"},{"@type":"ListItem","position":2,"name":"Shop","item":"https:\/\/ramonedge.nl\/?page_id=401"},{"@type":"ListItem","position":3,"name":"CCM Schaatstas"}]},{"@type":"WebSite","@id":"https:\/\/ramonedge.nl\/#website","url":"https:\/\/ramonedge.nl\/","name":"RamonEdge NL Perfection On Ice","description":"RamonEdge NL Servicecenter","publisher":{"@id":"https:\/\/ramonedge.nl\/#organization"},"potentialAction":[{"@type":"SearchAction","target":{"@type":"EntryPoint","urlTemplate":"https:\/\/ramonedge.nl\/?s={search_term_string}"},"query-input":{"@type":"PropertyValueSpecification","valueRequired":true,"valueName":"search_term_string"}}],"inLanguage":"nl-NL"},{"@type":"Organization","@id":"https:\/\/ramonedge.nl\/#organization","name":"RamonEdge NL Perfection On Ice","url":"https:\/\/ramonedge.nl\/","logo":{"@type":"ImageObject","inLanguage":"nl-NL","@id":"https:\/\/ramonedge.nl\/#\/schema\/logo\/image\/","url":"https:\/\/i0.wp.com\/ramonedge.nl\/wp-content\/uploads\/2020\/02\/cropped-cropped-cropped-cropped-Logo-Ramonedge-1.jpg?fit=160%2C159&ssl=1","contentUrl":"https:\/\/i0.wp.com\/ramonedge.nl\/wp-content\/uploads\/2020\/02\/cropped-cropped-cropped-cropped-Logo-Ramonedge-1.jpg?fit=160%2C159&ssl=1","width":160,"height":159,"caption":"RamonEdge NL Perfection On Ice"},"image":{"@id":"https:\/\/ramonedge.nl\/#\/schema\/logo\/image\/"}}]}},"uagb_featured_image_src":{"full":["https:\/\/i0.wp.com\/ramonedge.nl\/wp-content\/uploads\/2022\/02\/Schaatstas-CCM.jpg?fit=1000%2C750&ssl=1",1000,750,false],"thumbnail":["https:\/\/i0.wp.com\/ramonedge.nl\/wp-content\/uploads\/2022\/02\/Schaatstas-CCM.jpg?resize=150%2C150&ssl=1",150,150,true],"medium":["https:\/\/i0.wp.com\/ramonedge.nl\/wp-content\/uploads\/2022\/02\/Schaatstas-CCM.jpg?fit=300%2C225&ssl=1",300,225,true],"medium_large":["https:\/\/i0.wp.com\/ramonedge.nl\/wp-content\/uploads\/2022\/02\/Schaatstas-CCM.jpg?fit=768%2C576&ssl=1",768,576,true],"large":["https:\/\/i0.wp.com\/ramonedge.nl\/wp-content\/uploads\/2022\/02\/Schaatstas-CCM.jpg?fit=1000%2C750&ssl=1",1000,750,true],"1536x1536":["https:\/\/i0.wp.com\/ramonedge.nl\/wp-content\/uploads\/2022\/02\/Schaatstas-CCM.jpg?fit=1000%2C750&ssl=1",1000,750,true],"2048x2048":["https:\/\/i0.wp.com\/ramonedge.nl\/wp-content\/uploads\/2022\/02\/Schaatstas-CCM.jpg?fit=1000%2C750&ssl=1",1000,750,true],"bdpp-medium":["https:\/\/i0.wp.com\/ramonedge.nl\/wp-content\/uploads\/2022\/02\/Schaatstas-CCM.jpg?resize=640%2C480&ssl=1",640,480,true],"woocommerce_thumbnail":["https:\/\/i0.wp.com\/ramonedge.nl\/wp-content\/uploads\/2022\/02\/Schaatstas-CCM.jpg?resize=300%2C300&ssl=1",300,300,true],"woocommerce_single":["https:\/\/i0.wp.com\/ramonedge.nl\/wp-content\/uploads\/2022\/02\/Schaatstas-CCM.jpg?fit=600%2C450&ssl=1",600,450,true],"woocommerce_gallery_thumbnail":["https:\/\/i0.wp.com\/ramonedge.nl\/wp-content\/uploads\/2022\/02\/Schaatstas-CCM.jpg?resize=100%2C100&ssl=1",100,100,true],"variation_swatches_image_size":["https:\/\/i0.wp.com\/ramonedge.nl\/wp-content\/uploads\/2022\/02\/Schaatstas-CCM.jpg?resize=50%2C50&ssl=1",50,50,true],"variation_swatches_tooltip_size":["https:\/\/i0.wp.com\/ramonedge.nl\/wp-content\/uploads\/2022\/02\/Schaatstas-CCM.jpg?resize=100%2C100&ssl=1",100,100,true]},"uagb_author_info":{"display_name":"Iris de Haan","author_link":"https:\/\/ramonedge.nl\/?author=0"},"uagb_comment_info":0,"uagb_excerpt":"CCM Schaatstas De CCM Schaatstas is een handige tas om je schaatsen in op te bergen. De tas heeft \u00e9\u00e9n voor \u00e9\u00e9n paar schaatsen. De tas is gemaakt van stevig slijtvast polyester. Bescherm jouw schaatsen en ijzers. Door ze te bewaren in de tas zullen ze langer meegaan. En zullen je ijzers minder snel beschadigen.&hellip;","jetpack_sharing_enabled":true,"_links":{"self":[{"href":"https:\/\/ramonedge.nl\/index.php?rest_route=\/wp\/v2\/product\/5319","targetHints":{"allow":["GET"]}}],"collection":[{"href":"https:\/\/ramonedge.nl\/index.php?rest_route=\/wp\/v2\/product"}],"about":[{"href":"https:\/\/ramonedge.nl\/index.php?rest_route=\/wp\/v2\/types\/product"}],"wp:featuredmedia":[{"embeddable":true,"href":"https:\/\/ramonedge.nl\/index.php?rest_route=\/wp\/v2\/media\/5302"}],"wp:attachment":[{"href":"https:\/\/ramonedge.nl\/index.php?rest_route=%2Fwp%2Fv2%2Fmedia&parent=5319"}],"wp:term":[{"taxonomy":"product_brand","embeddable":true,"href":"https:\/\/ramonedge.nl\/index.php?rest_route=%2Fwp%2Fv2%2Fproduct_brand&post=5319"},{"taxonomy":"product_cat","embeddable":true,"href":"https:\/\/ramonedge.nl\/index.php?rest_route=%2Fwp%2Fv2%2Fproduct_cat&post=5319"},{"taxonomy":"product_tag","embeddable":true,"href":"https:\/\/ramonedge.nl\/index.php?rest_route=%2Fwp%2Fv2%2Fproduct_tag&post=5319"}],"curies":[{"name":"wp","href":"https:\/\/api.w.org\/{rel}","templated":true}]}}